{"id":1157,"date":"2018-12-09T14:50:17","date_gmt":"2018-12-09T13:50:17","guid":{"rendered":"https:\/\/esperanzaverde.org\/?page_id=1157"},"modified":"2019-09-07T14:21:15","modified_gmt":"2019-09-07T13:21:15","slug":"impressum","status":"publish","type":"page","link":"https:\/\/esperanzaverde.org\/?page_id=1157","title":{"rendered":"Impressum"},"content":{"rendered":"<h3>WEBSITE OPERATOR<\/h3>\n<p>Esperanza Verde International<br \/>\nZ\u00fcrich, Switzerland<br \/>\nwebmaster@esperanzaverde.com<\/p>\n","protected":false},"excerpt":{"rendered":"<p>WEBSITE OPERATOR Esperanza Verde International Z\u00fcrich, Switzerland webmaster@esperanzaverde.com<\/p>\n","protected":false},"author":1,"featured_media":0,"parent":0,"menu_order":0,"comment_status":"closed","ping_status":"closed","template":"","meta":{"jetpack_post_was_ever_published":false,"footnotes":""},"class_list":["post-1157","page","type-page","status-publish","hentry"],"jetpack_sharing_enabled":true,"jetpack_shortlink":"https:\/\/wp.me\/P9gSMM-iF","jetpack_likes_enabled":false,"jetpack-related-posts":[{"id":345,"url":"https:\/\/esperanzaverde.org\/?page_id=345","url_meta":{"origin":1157,"position":0},"title":"Spenden","author":"admin","date":"December 29, 2017","format":false,"excerpt":"Wenn Du uns direkt mit einer Spende unterst\u00fctzen willst, freuen wir uns \u00fcber Deinen Beitrag:\u00a0 Schweiz Postfinance \u2013 Z\u00fcrich F\u00f6rderverein Esperanza Verde Schweiz Kontonr: 60-566781-6 IBAN: CH83 0900 0000 6056 6781 6 BIC POFICHBEXXX\u00a0 Deutschland Saalesparkasse - 06120 Halle (Saale) Foerderverein Esperanza Verde e.V. IBAN: DE15 8005 3762 3900 0314\u2026","rel":"","context":"Similar post","block_context":{"text":"Similar post","link":""},"img":{"alt_text":"","src":"https:\/\/i0.wp.com\/www.paypal.com\/de_CH\/i\/scr\/pixel.gif?resize=350%2C200&ssl=1","width":350,"height":200},"classes":[]},{"id":207,"url":"https:\/\/esperanzaverde.org\/?page_id=207","url_meta":{"origin":1157,"position":1},"title":"Team","author":"admin","date":"November 2, 2017","format":false,"excerpt":"Wir unterst\u00fctzen Esperanza Verde in Peru mit verschiedenen F\u00f6rdervereinen auf gemeinn\u00fctziger Basis: SchweizPr\u00e4sident: Dr. Philipp ZerbeVizepr\u00e4sidentin: Florian Sch\u00e4rerSchatzmeisterin: Carole SchuppisserSchriftf\u00fchrerin: Dr. Lea Carisch \u00a0 DeutschlandVorstandsvorsitzende: Juliane Sen undNicolai von den BenkenSchatzmeisterin: Stefanie MeadeSchriftf\u00fchrerin: Heiko Sommermann \u00a0 Mitgliederbetreuung: Florian Sch\u00e4rerWebseite: Lukas Bischofberger Philipp Zerbe Dr. Philipp Zerbe ist der Gr\u00fcnder des\u2026","rel":"","context":"Similar post","block_context":{"text":"Similar post","link":""},"img":{"alt_text":"","src":"https:\/\/i0.wp.com\/esperanzaverde.org\/wp-content\/uploads\/2020\/03\/Flo_2-1.jpg?resize=350%2C200&ssl=1","width":350,"height":200},"classes":[]},{"id":357,"url":"https:\/\/esperanzaverde.org\/?page_id=357","url_meta":{"origin":1157,"position":2},"title":"Patenschaft","author":"admin","date":"December 29, 2017","format":false,"excerpt":"Die Versorgung unserer Wildtiere vor Ort verlangt die richtige Ern\u00e4hrung und eine gute medizinische\u00a0Versorgung. Das ist aufwendig und teuer.\u00a0Mit einer Tierpatenschaft \u00fcbernimmst Du die Kosten f\u00fcr die Versorgung und die Pflege Deines Patentieres f\u00fcr\u00a0ein Jahr. Was erh\u00e4ltst Du von Esperanza Verde:Es erwartet Dich eine Urkunde mit Bild und ein halbj\u00e4hrliches\u2026","rel":"","context":"Similar post","block_context":{"text":"Similar post","link":""},"img":{"alt_text":"","src":"https:\/\/i0.wp.com\/esperanzaverde.org\/wp-content\/uploads\/2019\/10\/mika-1.jpg?resize=350%2C200&ssl=1","width":350,"height":200},"classes":[]},{"id":387,"url":"https:\/\/esperanzaverde.org\/?page_id=387","url_meta":{"origin":1157,"position":3},"title":"Zertifikate","author":"admin","date":"December 29, 2017","format":false,"excerpt":"Jetzt kannst Du beispielsweise Dein Lieblingstier auch direkt unterst\u00fctzen oder einen Baum verschenken. Die Zertifikate geben Dir die M\u00f6glichkeit an einer ganz bestimmten Stelle in Esperanza Verde aktiv zu werden. Die Wiederaufforstung ist ein wichtiger Bestandteil unserer Arbeit in Peru. Mit einem Baumzertifikat unterst\u00fctzt du die Pflanzung von Edelh\u00f6lzern und\u2026","rel":"","context":"Similar post","block_context":{"text":"Similar post","link":""},"img":{"alt_text":"","src":"https:\/\/i0.wp.com\/esperanzaverde.org\/wp-content\/uploads\/2017\/12\/zert_baum-212x300.jpg?resize=350%2C200&ssl=1","width":350,"height":200},"classes":[]}],"_links":{"self":[{"href":"https:\/\/esperanzaverde.org\/index.php?rest_route=\/wp\/v2\/pages\/1157","targetHints":{"allow":["GET"]}}],"collection":[{"href":"https:\/\/esperanzaverde.org\/index.php?rest_route=\/wp\/v2\/pages"}],"about":[{"href":"https:\/\/esperanzaverde.org\/index.php?rest_route=\/wp\/v2\/types\/page"}],"author":[{"embeddable":true,"href":"https:\/\/esperanzaverde.org\/index.php?rest_route=\/wp\/v2\/users\/1"}],"replies":[{"embeddable":true,"href":"https:\/\/esperanzaverde.org\/index.php?rest_route=%2Fwp%2Fv2%2Fcomments&post=1157"}],"version-history":[{"count":6,"href":"https:\/\/esperanzaverde.org\/index.php?rest_route=\/wp\/v2\/pages\/1157\/revisions"}],"predecessor-version":[{"id":1581,"href":"https:\/\/esperanzaverde.org\/index.php?rest_route=\/wp\/v2\/pages\/1157\/revisions\/1581"}],"wp:attachment":[{"href":"https:\/\/esperanzaverde.org\/index.php?rest_route=%2Fwp%2Fv2%2Fmedia&parent=1157"}],"curies":[{"name":"wp","href":"https:\/\/api.w.org\/{rel}","templated":true}]}}