{"id":207,"date":"2017-11-02T11:09:39","date_gmt":"2017-11-02T10:09:39","guid":{"rendered":"https:\/\/esperanzaverde.org\/?page_id=207"},"modified":"2024-05-20T15:45:02","modified_gmt":"2024-05-20T14:45:02","slug":"team","status":"publish","type":"page","link":"https:\/\/esperanzaverde.org\/?page_id=207","title":{"rendered":"Team"},"content":{"rendered":"<p>Wir unterst\u00fctzen Esperanza Verde in Peru mit verschiedenen F\u00f6rdervereinen auf gemeinn\u00fctziger Basis:<\/p>\n<div class=\"row\">\n<div class=\"col-md-6\"><strong>Schweiz<\/strong><br \/>Pr\u00e4sident: Dr. Philipp Zerbe<br \/>Vizepr\u00e4sidentin: Florian Sch\u00e4rer<br \/>Schatzmeisterin: Carole Schuppisser<br \/>Schriftf\u00fchrerin: Dr. Lea Carisch<\/div>\n<div>\u00a0<\/div>\n<div class=\"col-md-6\"><strong>Deutschland<\/strong><br \/>Vorstandsvorsitzende: Juliane Sen und<br \/>Nicolai von den Benken<br \/>Schatzmeisterin: Stefanie Meade<br \/>Schriftf\u00fchrerin: Heiko Sommermann<\/div>\n<\/div>\n<div>\u00a0<\/div>\n<div>Mitgliederbetreuung: Florian Sch\u00e4rer<br \/>Webseite: Lukas Bischofberger<\/div>\n\n\n<div class=\"wp-block-media-text alignwide\"><figure class=\"wp-block-media-text__media\"><img loading=\"lazy\" decoding=\"async\" width=\"1024\" height=\"1024\" data-attachment-id=\"1788\" data-permalink=\"https:\/\/esperanzaverde.org\/?attachment_id=1788\" data-orig-file=\"https:\/\/esperanzaverde.org\/wp-content\/uploads\/2020\/03\/Philipp.jpg\" data-orig-size=\"1024,1024\" data-comments-opened=\"0\" data-image-meta=\"{&quot;aperture&quot;:&quot;0&quot;,&quot;credit&quot;:&quot;&quot;,&quot;camera&quot;:&quot;&quot;,&quot;caption&quot;:&quot;&quot;,&quot;created_timestamp&quot;:&quot;0&quot;,&quot;copyright&quot;:&quot;&quot;,&quot;focal_length&quot;:&quot;0&quot;,&quot;iso&quot;:&quot;0&quot;,&quot;shutter_speed&quot;:&quot;0&quot;,&quot;title&quot;:&quot;&quot;,&quot;orientation&quot;:&quot;1&quot;}\" data-image-title=\"Philipp\" data-image-description=\"\" data-image-caption=\"\" data-large-file=\"https:\/\/esperanzaverde.org\/wp-content\/uploads\/2020\/03\/Philipp-1024x1024.jpg\" src=\"https:\/\/i1.wp.com\/esperanzaverde.org\/wp-content\/uploads\/2020\/03\/Philipp.jpg?fit=1024%2C1024&amp;ssl=1\" alt=\"\" class=\"wp-image-1788 size-full\" srcset=\"https:\/\/esperanzaverde.org\/wp-content\/uploads\/2020\/03\/Philipp.jpg 1024w, https:\/\/esperanzaverde.org\/wp-content\/uploads\/2020\/03\/Philipp-300x300.jpg 300w, https:\/\/esperanzaverde.org\/wp-content\/uploads\/2020\/03\/Philipp-150x150.jpg 150w, https:\/\/esperanzaverde.org\/wp-content\/uploads\/2020\/03\/Philipp-768x768.jpg 768w\" sizes=\"auto, (max-width: 1024px) 100vw, 1024px\" \/><\/figure><div class=\"wp-block-media-text__content\">\n<h4 class=\"wp-block-heading\">Philipp Zerbe<\/h4>\n\n\n\n<p>Dr. Philipp Zerbe ist der Gr\u00fcnder des F\u00f6rdervereins Esperanza Verde Schweiz und der Pr\u00e4sident von Esperanza Verde International. Als Tierarzt mit einem breiten Wissen \u00fcber Wildtiere hat er bereits vor vielen Jahren als Freiwilliger mit den Managern von Esperanza Verde in Ecuador zusammengearbeitet. Als Pr\u00e4sident von EVI koordiniert er die globalen Projekte und arbeitet eng mit der Gesch\u00e4ftsf\u00fchrung in Peru zusammen. <br>Unter seiner Leitung hat sich EVI zu einer internationalen Organisation entwickelt, die mit verschiedenen NGOs und Partnern zusammenarbeitet und Esperanza Verde in Peru finanziell zu unterst\u00fctzen.<\/p>\n<\/div><\/div>\n\n\n\n<div class=\"wp-block-media-text alignwide has-media-on-the-right\"><div class=\"wp-block-media-text__content\">\n<h4 class=\"wp-block-heading\">Juliane Sen<\/h4>\n\n\n\n<p>Juliane Sen ist Pr\u00e4sidentin des Deutschen F\u00f6rderverein Esperanza Verde e.V. Sie hat vor einigen Jahren in Ecuador mehrmals mit Olivia und Douwe, den Managern von Esperanza Verde, zusammengearbeitet. Sie kannte die herausragende Arbeit und das Engagement von Olivia und Douwe und wollte helfen, ihr eigenes Wildrettungszentrum und Naturschutzprojekt Esperanza Verde in Peru zu gr\u00fcnden. Juliane war 2010 Teil des Gr\u00fcndungsteams des F\u00f6rdervereins Esperanza Verde e.V. welcher Esperanza Verde in Peru finanziell unterst\u00fctzt und hilft Freiwillige zu finden.<\/p>\n<\/div><figure class=\"wp-block-media-text__media\"><img loading=\"lazy\" decoding=\"async\" width=\"475\" height=\"640\" data-attachment-id=\"1791\" data-permalink=\"https:\/\/esperanzaverde.org\/?attachment_id=1791\" data-orig-file=\"https:\/\/esperanzaverde.org\/wp-content\/uploads\/2020\/03\/Jule-1.jpg\" data-orig-size=\"475,640\" data-comments-opened=\"0\" data-image-meta=\"{&quot;aperture&quot;:&quot;0&quot;,&quot;credit&quot;:&quot;&quot;,&quot;camera&quot;:&quot;&quot;,&quot;caption&quot;:&quot;&quot;,&quot;created_timestamp&quot;:&quot;0&quot;,&quot;copyright&quot;:&quot;&quot;,&quot;focal_length&quot;:&quot;0&quot;,&quot;iso&quot;:&quot;0&quot;,&quot;shutter_speed&quot;:&quot;0&quot;,&quot;title&quot;:&quot;&quot;,&quot;orientation&quot;:&quot;0&quot;}\" data-image-title=\"Jule-1\" data-image-description=\"\" data-image-caption=\"\" data-large-file=\"https:\/\/esperanzaverde.org\/wp-content\/uploads\/2020\/03\/Jule-1.jpg\" src=\"https:\/\/esperanzaverde.org\/wp-content\/uploads\/2020\/03\/Jule-1.jpg\" alt=\"\" class=\"wp-image-1791 size-full\" srcset=\"https:\/\/esperanzaverde.org\/wp-content\/uploads\/2020\/03\/Jule-1.jpg 475w, https:\/\/esperanzaverde.org\/wp-content\/uploads\/2020\/03\/Jule-1-223x300.jpg 223w\" sizes=\"auto, (max-width: 475px) 100vw, 475px\" \/><\/figure><\/div>\n\n\n\n<div class=\"wp-block-media-text alignwide\"><figure class=\"wp-block-media-text__media\"><img loading=\"lazy\" decoding=\"async\" width=\"1512\" height=\"2059\" data-attachment-id=\"1794\" data-permalink=\"https:\/\/esperanzaverde.org\/?attachment_id=1794\" data-orig-file=\"https:\/\/esperanzaverde.org\/wp-content\/uploads\/2020\/03\/Carole-Foto-1.jpg\" data-orig-size=\"1512,2059\" data-comments-opened=\"0\" data-image-meta=\"{&quot;aperture&quot;:&quot;1.8&quot;,&quot;credit&quot;:&quot;&quot;,&quot;camera&quot;:&quot;Pixel 3&quot;,&quot;caption&quot;:&quot;&quot;,&quot;created_timestamp&quot;:&quot;1571058990&quot;,&quot;copyright&quot;:&quot;&quot;,&quot;focal_length&quot;:&quot;2.97&quot;,&quot;iso&quot;:&quot;93&quot;,&quot;shutter_speed&quot;:&quot;0.001965&quot;,&quot;title&quot;:&quot;&quot;,&quot;orientation&quot;:&quot;1&quot;}\" data-image-title=\"Carole-Foto-1\" data-image-description=\"\" data-image-caption=\"\" data-large-file=\"https:\/\/esperanzaverde.org\/wp-content\/uploads\/2020\/03\/Carole-Foto-1-752x1024.jpg\" src=\"https:\/\/i1.wp.com\/esperanzaverde.org\/wp-content\/uploads\/2020\/03\/Carole-Foto-1.jpg?fit=752%2C1024&amp;ssl=1\" alt=\"\" class=\"wp-image-1794 size-full\" srcset=\"https:\/\/esperanzaverde.org\/wp-content\/uploads\/2020\/03\/Carole-Foto-1.jpg 1512w, https:\/\/esperanzaverde.org\/wp-content\/uploads\/2020\/03\/Carole-Foto-1-220x300.jpg 220w, https:\/\/esperanzaverde.org\/wp-content\/uploads\/2020\/03\/Carole-Foto-1-752x1024.jpg 752w, https:\/\/esperanzaverde.org\/wp-content\/uploads\/2020\/03\/Carole-Foto-1-768x1046.jpg 768w, https:\/\/esperanzaverde.org\/wp-content\/uploads\/2020\/03\/Carole-Foto-1-1128x1536.jpg 1128w, https:\/\/esperanzaverde.org\/wp-content\/uploads\/2020\/03\/Carole-Foto-1-1504x2048.jpg 1504w\" sizes=\"auto, (max-width: 1512px) 100vw, 1512px\" \/><\/figure><div class=\"wp-block-media-text__content\">\n<h4 class=\"wp-block-heading\">Carole Schuppisser<\/h4>\n\n\n\n<p>Carole Schuppisser ist Gr\u00fcndungsmitglied des Schweizer F\u00f6rdervereins und \u00fcberblickt die Finanzen. Als Tier\u00e4rztin ist sie auf Innere Medizin f\u00fcr Kleintiere spezialisiert und schon immer an Wildtiere interessiert. Sie hatte eine sehr abenteuerliche, lehrreiche und aufregende Zeit als Volont\u00e4ren bei Esperanza Verde in Peru und plant in Zukunft wieder zur\u00fcckzukommen. Als Schatzmeisterin von F\u00f6rderverein Schweiz ist sie stolz zu sehen, dass selbst kleine Spenden einen gro\u00dfen Unterschied machen k\u00f6nnen und ist stolz auf die Fortschritte, welche Esperanza Verde Peru in den letzten Jahren f\u00fcr die Wildtiere und die Information der Lokalbev\u00f6lkerung gemacht hat.<\/p>\n<\/div><\/div>\n\n\n\n<div class=\"wp-block-media-text alignwide has-media-on-the-right\"><div class=\"wp-block-media-text__content\">\n<h4 class=\"wp-block-heading\">Florian Sch\u00e4rer<\/h4>\n\n\n\n<p>Florian Sch\u00e4rer ist der Vizepr\u00e4sident des Schweizer F\u00f6rdervereines und koordiniert die Mitglieder des EVI. Er hat 2017 seinen Master in Veterin\u00e4rmedizin abgeschlossen und arbeitet als Kleintierarzt in der Schweiz. W\u00e4hrend seines Studiums engagierte er sich bei Esperanza Verde, indem er half, medizinisches Wissen und Material von der Schweiz nach Peru zu bringen. \u00dcberw\u00e4ltigt von dem Projekt mit all seiner W\u00e4rme, Leidenschaft, gut gebauten Einrichtungen und Engagement, Tieren zu helfen, beschloss er, mehr als nur zu spenden. 2018 \u00fcbernahm er die Koordinierung der Schweizer Mitglieder. Kurz danach<br> \u00fcbernahm er die Koordination aller internationalen EVI-Mitglieder und die Verantwortung des Vize-Pr\u00e4sidenten.<\/p>\n<\/div><figure class=\"wp-block-media-text__media\"><img loading=\"lazy\" decoding=\"async\" width=\"427\" height=\"640\" data-attachment-id=\"1797\" data-permalink=\"https:\/\/esperanzaverde.org\/?attachment_id=1797\" data-orig-file=\"https:\/\/esperanzaverde.org\/wp-content\/uploads\/2020\/03\/Flo_2-1.jpg\" data-orig-size=\"427,640\" data-comments-opened=\"0\" data-image-meta=\"{&quot;aperture&quot;:&quot;0&quot;,&quot;credit&quot;:&quot;&quot;,&quot;camera&quot;:&quot;&quot;,&quot;caption&quot;:&quot;&quot;,&quot;created_timestamp&quot;:&quot;0&quot;,&quot;copyright&quot;:&quot;&quot;,&quot;focal_length&quot;:&quot;0&quot;,&quot;iso&quot;:&quot;0&quot;,&quot;shutter_speed&quot;:&quot;0&quot;,&quot;title&quot;:&quot;&quot;,&quot;orientation&quot;:&quot;0&quot;}\" data-image-title=\"Flo_2-1\" data-image-description=\"\" data-image-caption=\"\" data-large-file=\"https:\/\/esperanzaverde.org\/wp-content\/uploads\/2020\/03\/Flo_2-1.jpg\" src=\"https:\/\/esperanzaverde.org\/wp-content\/uploads\/2020\/03\/Flo_2-1.jpg\" alt=\"\" class=\"wp-image-1797 size-full\" srcset=\"https:\/\/esperanzaverde.org\/wp-content\/uploads\/2020\/03\/Flo_2-1.jpg 427w, https:\/\/esperanzaverde.org\/wp-content\/uploads\/2020\/03\/Flo_2-1-200x300.jpg 200w\" sizes=\"auto, (max-width: 427px) 100vw, 427px\" \/><\/figure><\/div>\n","protected":false},"excerpt":{"rendered":"<p>Wir unterst\u00fctzen Esperanza Verde in Peru mit verschiedenen F\u00f6rdervereinen auf gemeinn\u00fctziger Basis: SchweizPr\u00e4sident: Dr. Philipp ZerbeVizepr\u00e4sidentin: Florian Sch\u00e4rerSchatzmeisterin: Carole SchuppisserSchriftf\u00fchrerin: &hellip; <a href=\"https:\/\/esperanzaverde.org\/?page_id=207\" class=\"more-link\">Continue reading <span class=\"screen-reader-text\">Team<\/span><\/a><\/p>\n","protected":false},"author":1,"featured_media":0,"parent":0,"menu_order":0,"comment_status":"closed","ping_status":"closed","template":"","meta":{"jetpack_post_was_ever_published":false,"footnotes":""},"class_list":["post-207","page","type-page","status-publish","hentry"],"jetpack_sharing_enabled":true,"jetpack_shortlink":"https:\/\/wp.me\/P9gSMM-3l","jetpack_likes_enabled":false,"jetpack-related-posts":[],"_links":{"self":[{"href":"https:\/\/esperanzaverde.org\/index.php?rest_route=\/wp\/v2\/pages\/207","targetHints":{"allow":["GET"]}}],"collection":[{"href":"https:\/\/esperanzaverde.org\/index.php?rest_route=\/wp\/v2\/pages"}],"about":[{"href":"https:\/\/esperanzaverde.org\/index.php?rest_route=\/wp\/v2\/types\/page"}],"author":[{"embeddable":true,"href":"https:\/\/esperanzaverde.org\/index.php?rest_route=\/wp\/v2\/users\/1"}],"replies":[{"embeddable":true,"href":"https:\/\/esperanzaverde.org\/index.php?rest_route=%2Fwp%2Fv2%2Fcomments&post=207"}],"version-history":[{"count":21,"href":"https:\/\/esperanzaverde.org\/index.php?rest_route=\/wp\/v2\/pages\/207\/revisions"}],"predecessor-version":[{"id":2557,"href":"https:\/\/esperanzaverde.org\/index.php?rest_route=\/wp\/v2\/pages\/207\/revisions\/2557"}],"wp:attachment":[{"href":"https:\/\/esperanzaverde.org\/index.php?rest_route=%2Fwp%2Fv2%2Fmedia&parent=207"}],"curies":[{"name":"wp","href":"https:\/\/api.w.org\/{rel}","templated":true}]}}