{"id":345,"date":"2017-12-29T18:13:16","date_gmt":"2017-12-29T17:13:16","guid":{"rendered":"https:\/\/esperanzaverde.org\/?page_id=345"},"modified":"2020-05-23T12:30:47","modified_gmt":"2020-05-23T11:30:47","slug":"spenden","status":"publish","type":"page","link":"https:\/\/esperanzaverde.org\/?page_id=345","title":{"rendered":"Spenden"},"content":{"rendered":"<div class=\"row\">\n<div class=\"col-md-12\">Wenn Du uns direkt mit einer Spende unterst\u00fctzen willst, freuen wir uns \u00fcber Deinen Beitrag:&nbsp;<\/p>\n<\/div>\n<\/div>\n<div class=\"row\">\n<div class=\"col-md-6\">Schweiz<br \/>\nPostfinance \u2013 Z\u00fcrich<br \/>\nF\u00f6rderverein Esperanza Verde Schweiz<br \/>\nKontonr: 60-566781-6<br \/>\nIBAN: CH83 0900 0000 6056 6781 6<br \/>\nBIC POFICHBEXXX&nbsp;<\/p>\n<\/div>\n<div class=\"col-md-6\">Deutschland<br \/>\nSaalesparkasse &#8211; 06120 Halle (Saale)<br \/>\nFoerderverein Esperanza Verde e.V.<br \/>\nIBAN: DE15 8005 3762 3900 0314 35<br \/>\nBIC: NOLADE21HAL&nbsp;<\/p>\n<\/div>\n<\/div>\n<div class=\"row\">\n<div class=\"col-md-12\">Wir sind als gemeinn\u00fctzige Organisation steuerbefreit und somit sind die Spenden von der Steuer absetzbar.<\/div>\n<\/div>\n<div>&nbsp;<\/div>\n<form action=\"https:\/\/www.paypal.com\/cgi-bin\/webscr\" method=\"post\" target=\"_top\">\n<p><input type=\"hidden\" name=\"cmd\" value=\"_s-xclick\"><\/p>\n<p><input type=\"hidden\" name=\"hosted_button_id\" value=\"RXGT7JJJTAZGE\"><\/p>\n<p><input type=\"image\" src=\"https:\/\/www.paypalobjects.com\/de_DE\/CH\/i\/btn\/btn_donateCC_LG.gif\" border=\"0\" name=\"submit\" title=\"PayPal - The safer, easier way to pay online!\" alt=\"Spenden mit dem PayPal-Button\"><\/p>\n<p><img loading=\"lazy\" decoding=\"async\" alt=\"\" border=\"0\" src=\"https:\/\/www.paypal.com\/de_CH\/i\/scr\/pixel.gif\" width=\"1\" height=\"1\"><\/p>\n<\/form>\n","protected":false},"excerpt":{"rendered":"<p>Wenn Du uns direkt mit einer Spende unterst\u00fctzen willst, freuen wir uns \u00fcber Deinen Beitrag:&nbsp; Schweiz Postfinance \u2013 Z\u00fcrich F\u00f6rderverein &hellip; <a href=\"https:\/\/esperanzaverde.org\/?page_id=345\" class=\"more-link\">Continue reading <span class=\"screen-reader-text\">Spenden<\/span><\/a><\/p>\n","protected":false},"author":1,"featured_media":0,"parent":0,"menu_order":0,"comment_status":"closed","ping_status":"closed","template":"","meta":{"footnotes":""},"class_list":["post-345","page","type-page","status-publish","hentry"],"jetpack_sharing_enabled":true,"jetpack_shortlink":"https:\/\/wp.me\/P9gSMM-5z","jetpack_likes_enabled":false,"jetpack-related-posts":[{"id":207,"url":"https:\/\/esperanzaverde.org\/?page_id=207","url_meta":{"origin":345,"position":0},"title":"Team","author":"admin","date":"November 2, 2017","format":false,"excerpt":"Wir unterst\u00fctzen Esperanza Verde in Peru mit verschiedenen F\u00f6rdervereinen auf gemeinn\u00fctziger Basis: SchweizPr\u00e4sident: Dr. Philipp ZerbeVizepr\u00e4sidentin: Florian Sch\u00e4rerSchatzmeisterin: Carole SchuppisserSchriftf\u00fchrerin: Dr. Lea Carisch \u00a0 DeutschlandVorstandsvorsitzende: Juliane Sen undNicolai von den BenkenSchatzmeisterin: Stefanie MeadeSchriftf\u00fchrerin: Heiko Sommermann \u00a0 Mitgliederbetreuung: Florian Sch\u00e4rerWebseite: Lukas Bischofberger Philipp Zerbe Dr. Philipp Zerbe ist der Gr\u00fcnder des\u2026","rel":"","context":"Similar post","block_context":{"text":"Similar post","link":""},"img":{"alt_text":"","src":"https:\/\/i0.wp.com\/esperanzaverde.org\/wp-content\/uploads\/2020\/03\/Flo_2-1.jpg?resize=350%2C200&ssl=1","width":350,"height":200},"classes":[]},{"id":357,"url":"https:\/\/esperanzaverde.org\/?page_id=357","url_meta":{"origin":345,"position":1},"title":"Patenschaft","author":"admin","date":"December 29, 2017","format":false,"excerpt":"Die Versorgung unserer Wildtiere vor Ort verlangt die richtige Ern\u00e4hrung und eine gute medizinische\u00a0Versorgung. Das ist aufwendig und teuer.\u00a0Mit einer Tierpatenschaft \u00fcbernimmst Du die Kosten f\u00fcr die Versorgung und die Pflege Deines Patentieres f\u00fcr\u00a0ein Jahr. Was erh\u00e4ltst Du von Esperanza Verde:Es erwartet Dich eine Urkunde mit Bild und ein halbj\u00e4hrliches\u2026","rel":"","context":"Similar post","block_context":{"text":"Similar post","link":""},"img":{"alt_text":"","src":"https:\/\/i0.wp.com\/esperanzaverde.org\/wp-content\/uploads\/2019\/10\/mika-1.jpg?resize=350%2C200&ssl=1","width":350,"height":200},"classes":[]},{"id":1157,"url":"https:\/\/esperanzaverde.org\/?page_id=1157","url_meta":{"origin":345,"position":2},"title":"Impressum","author":"admin","date":"December 9, 2018","format":false,"excerpt":"WEBSITE OPERATOR Esperanza Verde International Z\u00fcrich, Switzerland webmaster@esperanzaverde.com","rel":"","context":"Similar post","block_context":{"text":"Similar post","link":""},"img":{"alt_text":"","src":"","width":0,"height":0},"classes":[]},{"id":387,"url":"https:\/\/esperanzaverde.org\/?page_id=387","url_meta":{"origin":345,"position":3},"title":"Zertifikate","author":"admin","date":"December 29, 2017","format":false,"excerpt":"Jetzt kannst Du beispielsweise Dein Lieblingstier auch direkt unterst\u00fctzen oder einen Baum verschenken. Die Zertifikate geben Dir die M\u00f6glichkeit an einer ganz bestimmten Stelle in Esperanza Verde aktiv zu werden. Die Wiederaufforstung ist ein wichtiger Bestandteil unserer Arbeit in Peru. Mit einem Baumzertifikat unterst\u00fctzt du die Pflanzung von Edelh\u00f6lzern und\u2026","rel":"","context":"Similar post","block_context":{"text":"Similar post","link":""},"img":{"alt_text":"","src":"https:\/\/i0.wp.com\/esperanzaverde.org\/wp-content\/uploads\/2017\/12\/zert_baum-212x300.jpg?resize=350%2C200&ssl=1","width":350,"height":200},"classes":[]},{"id":351,"url":"https:\/\/esperanzaverde.org\/?page_id=351","url_meta":{"origin":345,"position":4},"title":"Mitgliedschaft","author":"admin","date":"December 29, 2017","format":false,"excerpt":"Wir freuen uns, Dich als G\u00f6nnermitglied in unserem Verein begr\u00fcssen zu d\u00fcrfen. Du leistest damit einen direkten Beitrag f\u00fcr die Erhaltung des peruanischen Regenwaldes und die Wiederauswilderung gefangener Tiere. Werde hier Mitglied","rel":"","context":"Similar post","block_context":{"text":"Similar post","link":""},"img":{"alt_text":"","src":"","width":0,"height":0},"classes":[]},{"id":1854,"url":"https:\/\/esperanzaverde.org\/?page_id=1854","url_meta":{"origin":345,"position":5},"title":"Schade, dass Du Deine Spende abgebrochen hast","author":"admin","date":"May 14, 2020","format":false,"excerpt":"Hast Du Fragen, wie Deine Spende helfen k\u00f6nnte? Kontaktiere uns per Email unter contact@esperanzaverde.org","rel":"","context":"Similar post","block_context":{"text":"Similar post","link":""},"img":{"alt_text":"","src":"","width":0,"height":0},"classes":[]}],"_links":{"self":[{"href":"https:\/\/esperanzaverde.org\/index.php?rest_route=\/wp\/v2\/pages\/345","targetHints":{"allow":["GET"]}}],"collection":[{"href":"https:\/\/esperanzaverde.org\/index.php?rest_route=\/wp\/v2\/pages"}],"about":[{"href":"https:\/\/esperanzaverde.org\/index.php?rest_route=\/wp\/v2\/types\/page"}],"author":[{"embeddable":true,"href":"https:\/\/esperanzaverde.org\/index.php?rest_route=\/wp\/v2\/users\/1"}],"replies":[{"embeddable":true,"href":"https:\/\/esperanzaverde.org\/index.php?rest_route=%2Fwp%2Fv2%2Fcomments&post=345"}],"version-history":[{"count":21,"href":"https:\/\/esperanzaverde.org\/index.php?rest_route=\/wp\/v2\/pages\/345\/revisions"}],"predecessor-version":[{"id":1890,"href":"https:\/\/esperanzaverde.org\/index.php?rest_route=\/wp\/v2\/pages\/345\/revisions\/1890"}],"wp:attachment":[{"href":"https:\/\/esperanzaverde.org\/index.php?rest_route=%2Fwp%2Fv2%2Fmedia&parent=345"}],"curies":[{"name":"wp","href":"https:\/\/api.w.org\/{rel}","templated":true}]}}