{"id":357,"date":"2017-12-29T18:14:12","date_gmt":"2017-12-29T17:14:12","guid":{"rendered":"https:\/\/esperanzaverde.org\/?page_id=357"},"modified":"2022-09-01T22:59:41","modified_gmt":"2022-09-01T21:59:41","slug":"patenschaft","status":"publish","type":"page","link":"https:\/\/esperanzaverde.org\/?page_id=357","title":{"rendered":"Patenschaft"},"content":{"rendered":"\n<p>Die Versorgung unserer Wildtiere vor Ort verlangt die richtige Ern\u00e4hrung und eine gute medizinische&nbsp;Versorgung. Das ist aufwendig und teuer.&nbsp;Mit einer Tierpatenschaft \u00fcbernimmst Du die Kosten f\u00fcr die Versorgung und die Pflege Deines Patentieres f\u00fcr&nbsp;ein Jahr.<\/p>\n\n\n\n<p><b>Was erh\u00e4ltst Du von Esperanza Verde:<br><\/b>Es erwartet Dich eine Urkunde mit Bild und ein halbj\u00e4hrliches Update \u00fcber die Entwicklung Deines Tieres mit\u00a0Bild. Als Pate wirst Du auf der Homepage mit Name und Patentier erw\u00e4hnt. Patenschaften k\u00f6nnen als Spenden\u00a0von den Steuern abgezogen werden. Wenn du interessiert bist, kontaktiere uns via Email (contact@esperanzaverde.org).<\/p>\n\n\n\n<p>Weitere Patenschaften auf der <a href=\"https:\/\/esperanzaverde.org\/?page_id=772&amp;lang=en\">englischsprachigen Seite<\/a>.<\/p>\n\n\n\n<div class=\"wp-block-media-text alignwide\" style=\"grid-template-columns:42% auto\"><figure class=\"wp-block-media-text__media\"><img loading=\"lazy\" decoding=\"async\" width=\"3072\" height=\"4608\" data-attachment-id=\"1662\" data-permalink=\"https:\/\/esperanzaverde.org\/?attachment_id=1662\" data-orig-file=\"https:\/\/esperanzaverde.org\/wp-content\/uploads\/2019\/10\/Mayantu-50118-1.jpg\" data-orig-size=\"3072,4608\" data-comments-opened=\"0\" data-image-meta=\"{&quot;aperture&quot;:&quot;2.8&quot;,&quot;credit&quot;:&quot;&quot;,&quot;camera&quot;:&quot;E-M1&quot;,&quot;caption&quot;:&quot;OLYMPUS DIGITAL CAMERA&quot;,&quot;created_timestamp&quot;:&quot;1515160155&quot;,&quot;copyright&quot;:&quot;&quot;,&quot;focal_length&quot;:&quot;24&quot;,&quot;iso&quot;:&quot;1600&quot;,&quot;shutter_speed&quot;:&quot;0.002&quot;,&quot;title&quot;:&quot;OLYMPUS DIGITAL CAMERA&quot;,&quot;orientation&quot;:&quot;1&quot;}\" data-image-title=\"OLYMPUS DIGITAL CAMERA\" data-image-description=\"\" data-image-caption=\"&lt;p&gt;OLYMPUS DIGITAL CAMERA&lt;\/p&gt;\n\" data-large-file=\"https:\/\/esperanzaverde.org\/wp-content\/uploads\/2019\/10\/Mayantu-50118-1-683x1024.jpg\" src=\"https:\/\/i1.wp.com\/esperanzaverde.org\/wp-content\/uploads\/2019\/10\/Mayantu-50118-1.jpg?fit=683%2C1024&amp;ssl=1\" alt=\"\" class=\"wp-image-1662 size-full\" srcset=\"https:\/\/esperanzaverde.org\/wp-content\/uploads\/2019\/10\/Mayantu-50118-1.jpg 3072w, https:\/\/esperanzaverde.org\/wp-content\/uploads\/2019\/10\/Mayantu-50118-1-200x300.jpg 200w, https:\/\/esperanzaverde.org\/wp-content\/uploads\/2019\/10\/Mayantu-50118-1-768x1152.jpg 768w, https:\/\/esperanzaverde.org\/wp-content\/uploads\/2019\/10\/Mayantu-50118-1-683x1024.jpg 683w\" sizes=\"auto, (max-width: 3072px) 100vw, 3072px\" \/><\/figure><div class=\"wp-block-media-text__content\">\n<p><strong>Mayantu<\/strong><\/p>\n\n\n\n<p>Mayantu, eine braune Kapuziner\u00e4ffin, wurde im Dezember 2017 von einem M\u00e4dchen aus dem Dorf nach Esperanza Verde gebracht. Sie war damals gerade mal 6 Wochen alt. Die Mutter wurde von der Familie erschossen, Mayantu sollte als Haustier dienen.&nbsp;<\/p>\n\n\n\n<p>Als sie bei uns ankahm, war sie nur noch Haut und Knochen. Trotzdem steckte noch Lebensgeist in ihr und sie erholte sich von ihren Strapazen. Ihre Aufnahme l\u00e4sst alte Erinnerungen an die Anf\u00e4nge von Esperanza Verde aufflammen, als der erste Affe, Mica (auch eine braune Kapuziner\u00e4ffin), medizinisch versorgt und aufgezogen wurde. Mayantu hat sich trotz fehlendem Schwanzende (Kampfverletzung, die sie sich w\u00e4hrend dem Kampf mit der Familie aus dem Dorf zugezogen hat) an das Leben in Esperanza Verde gew\u00f6hnt und geh\u00f6rt jetzt zur grossen Gruppe der Kapuzineraffen, die in und um Esperanza Verde herum leben.<\/p>\n\n\n\n<p>Patenschaft \u00fcbernommen von Ursula Bachem<\/p>\n<\/div><\/div>\n\n\n\n<div class=\"wp-block-media-text alignwide has-media-on-the-right\" style=\"grid-template-columns:auto 42%\"><figure class=\"wp-block-media-text__media\"><img loading=\"lazy\" decoding=\"async\" width=\"512\" height=\"768\" data-attachment-id=\"1665\" data-permalink=\"https:\/\/esperanzaverde.org\/?attachment_id=1665\" data-orig-file=\"https:\/\/esperanzaverde.org\/wp-content\/uploads\/2019\/10\/kiko-1.jpg\" data-orig-size=\"512,768\" data-comments-opened=\"0\" data-image-meta=\"{&quot;aperture&quot;:&quot;3.2&quot;,&quot;credit&quot;:&quot;&quot;,&quot;camera&quot;:&quot;Canon EOS 60D&quot;,&quot;caption&quot;:&quot;&quot;,&quot;created_timestamp&quot;:&quot;1456026726&quot;,&quot;copyright&quot;:&quot;&quot;,&quot;focal_length&quot;:&quot;60&quot;,&quot;iso&quot;:&quot;4000&quot;,&quot;shutter_speed&quot;:&quot;0.003125&quot;,&quot;title&quot;:&quot;&quot;,&quot;orientation&quot;:&quot;1&quot;}\" data-image-title=\"kiko-1\" data-image-description=\"\" data-image-caption=\"\" data-large-file=\"https:\/\/esperanzaverde.org\/wp-content\/uploads\/2019\/10\/kiko-1.jpg\" src=\"https:\/\/esperanzaverde.org\/wp-content\/uploads\/2019\/10\/kiko-1.jpg\" alt=\"\" class=\"wp-image-1665 size-full\" srcset=\"https:\/\/esperanzaverde.org\/wp-content\/uploads\/2019\/10\/kiko-1.jpg 512w, https:\/\/esperanzaverde.org\/wp-content\/uploads\/2019\/10\/kiko-1-200x300.jpg 200w\" sizes=\"auto, (max-width: 512px) 100vw, 512px\" \/><\/figure><div class=\"wp-block-media-text__content\">\n<p><strong>Kiko<\/strong><br><em>Wickelb\u00e4r (Potos flavus), M\u00e4nnchen<br>Geburtsjahr: 2015<\/em><\/p>\n\n\n\n<p>Als winziges, schwaches Jungtier wurde Kiko von einem Bewohner des angrenzenden Dorfes Bello Horizonte nach Esperanza Verde gebracht. Er entwickelt sich pr\u00e4chtig, ist sehr aktiv und wurde von Tag zu Tag st\u00e4rker. Mittlerweile ist der kleine Wickelb\u00e4r alt genug, um ausgewildert das Dschungelleben hoch in den B\u00e4umen alleine zu meistern. Leider wird er immer wieder von freilebenden Wickelb\u00e4ren attackiert, sodass er zu uns zur\u00fcckkehrte.<\/p>\n\n\n\n<p>Patenschaft \u00fcbernommen von Ewald Visser und Marije Bosman<\/p>\n<\/div><\/div>\n\n\n\n<div class=\"wp-block-media-text alignwide\" style=\"grid-template-columns:42% auto\"><figure class=\"wp-block-media-text__media\"><img loading=\"lazy\" decoding=\"async\" width=\"512\" height=\"768\" data-attachment-id=\"1668\" data-permalink=\"https:\/\/esperanzaverde.org\/?attachment_id=1668\" data-orig-file=\"https:\/\/esperanzaverde.org\/wp-content\/uploads\/2019\/10\/mika-1.jpg\" data-orig-size=\"512,768\" data-comments-opened=\"0\" data-image-meta=\"{&quot;aperture&quot;:&quot;3.2&quot;,&quot;credit&quot;:&quot;&quot;,&quot;camera&quot;:&quot;Canon EOS 60D&quot;,&quot;caption&quot;:&quot;&quot;,&quot;created_timestamp&quot;:&quot;1456013440&quot;,&quot;copyright&quot;:&quot;&quot;,&quot;focal_length&quot;:&quot;200&quot;,&quot;iso&quot;:&quot;640&quot;,&quot;shutter_speed&quot;:&quot;0.003125&quot;,&quot;title&quot;:&quot;&quot;,&quot;orientation&quot;:&quot;1&quot;}\" data-image-title=\"mika-1\" data-image-description=\"\" data-image-caption=\"\" data-large-file=\"https:\/\/esperanzaverde.org\/wp-content\/uploads\/2019\/10\/mika-1.jpg\" src=\"https:\/\/esperanzaverde.org\/wp-content\/uploads\/2019\/10\/mika-1.jpg\" alt=\"\" class=\"wp-image-1668 size-full\" srcset=\"https:\/\/esperanzaverde.org\/wp-content\/uploads\/2019\/10\/mika-1.jpg 512w, https:\/\/esperanzaverde.org\/wp-content\/uploads\/2019\/10\/mika-1-200x300.jpg 200w\" sizes=\"auto, (max-width: 512px) 100vw, 512px\" \/><\/figure><div class=\"wp-block-media-text__content\">\n<p><strong>Mica<\/strong><br><em>Gehaubter Kapuzineraffe (Cebus apella), Weibchen<br>Geburtsjahr 2010<\/em><\/p>\n\n\n\n<p>Mica wurde Ende 2010 freiwillig von einem Dorfbewohner aus Bello Horizonte abgegeben und lebt seither in Esperanza Verde. Da sie in ihren ersten Lebensmonaten keinen Kontakt zu Artgenossen hatte, bereitet es ihr M\u00fche, sich ganz von den Menschen abzul\u00f6sen und f\u00e4llt oft durch ihre starke Zuneigung zu einzelnen Personen auf. Mika ist ein wichtiger Bestandteil vieler Auswilderungen, denn so einigen jungen Affen wurde der Start ins Leben in der Wildnis durch ihre sehr ausgepr\u00e4gten Mutterinstinkte und ihre F\u00fcrsorge erleichtert.<\/p>\n\n\n\n<p>Patenschaft \u00fcbernommen von Bigna Schulthess<\/p>\n<\/div><\/div>\n\n\n\n<div class=\"wp-block-media-text alignwide has-media-on-the-right\" style=\"grid-template-columns:auto 43%\"><figure class=\"wp-block-media-text__media\"><img loading=\"lazy\" decoding=\"async\" width=\"1024\" height=\"683\" data-attachment-id=\"1671\" data-permalink=\"https:\/\/esperanzaverde.org\/?attachment_id=1671\" data-orig-file=\"https:\/\/esperanzaverde.org\/wp-content\/uploads\/2019\/10\/chiquita-1.jpg\" data-orig-size=\"1024,683\" data-comments-opened=\"0\" data-image-meta=\"{&quot;aperture&quot;:&quot;3.2&quot;,&quot;credit&quot;:&quot;&quot;,&quot;camera&quot;:&quot;Canon EOS 60D&quot;,&quot;caption&quot;:&quot;&quot;,&quot;created_timestamp&quot;:&quot;1455825868&quot;,&quot;copyright&quot;:&quot;&quot;,&quot;focal_length&quot;:&quot;60&quot;,&quot;iso&quot;:&quot;1250&quot;,&quot;shutter_speed&quot;:&quot;0.01&quot;,&quot;title&quot;:&quot;&quot;,&quot;orientation&quot;:&quot;1&quot;}\" data-image-title=\"chiquita-1\" data-image-description=\"\" data-image-caption=\"\" data-large-file=\"https:\/\/esperanzaverde.org\/wp-content\/uploads\/2019\/10\/chiquita-1-1024x683.jpg\" src=\"https:\/\/i1.wp.com\/esperanzaverde.org\/wp-content\/uploads\/2019\/10\/chiquita-1.jpg?fit=1024%2C683&amp;ssl=1\" alt=\"\" class=\"wp-image-1671 size-full\" srcset=\"https:\/\/esperanzaverde.org\/wp-content\/uploads\/2019\/10\/chiquita-1.jpg 1024w, https:\/\/esperanzaverde.org\/wp-content\/uploads\/2019\/10\/chiquita-1-300x200.jpg 300w, https:\/\/esperanzaverde.org\/wp-content\/uploads\/2019\/10\/chiquita-1-768x512.jpg 768w\" sizes=\"auto, (max-width: 1024px) 100vw, 1024px\" \/><\/figure><div class=\"wp-block-media-text__content\">\n<p><strong>Chiquita<\/strong><br><em>Wollaffe (Lagothrix), Weibchen<br>Geburtsjahr 2015<\/em><\/p>\n\n\n\n<p>Als Prinzessin verkleidet und mit Nagellack bemalt, wurde Chiquita auf dem Markt von Pucallpa entdeckt. Gl\u00fccklicherweise konnte sie konfisziert werden und fand so den Weg nach Esperanza Verde. Wie viele andere Babyaffen verlor auch sie ihre Mutter durch die Sch\u00fcsse von Wilderern und das kleine Wollaffenweibchen muss nun von Menschenhand aufgezogen werden. Mit ihrer verspielten und lustigen Art wuchs sie schnell zu einem nicht mehr wegzudenkenden Mitglied der Esperanza-Verde-Familie heran und vers\u00fcsst auch die regnerischen Tage im peruanischen Amazonas.<\/p>\n\n\n\n<p>Patenschaft \u00fcbernommen von Familie Sch\u00f6nb\u00e4chler<\/p>\n<\/div><\/div>\n","protected":false},"excerpt":{"rendered":"<p>Die Versorgung unserer Wildtiere vor Ort verlangt die richtige Ern\u00e4hrung und eine gute medizinische&nbsp;Versorgung. Das ist aufwendig und teuer.&nbsp;Mit einer &hellip; <a href=\"https:\/\/esperanzaverde.org\/?page_id=357\" class=\"more-link\">Continue reading <span class=\"screen-reader-text\">Patenschaft<\/span><\/a><\/p>\n","protected":false},"author":1,"featured_media":0,"parent":0,"menu_order":0,"comment_status":"closed","ping_status":"closed","template":"","meta":{"footnotes":""},"class_list":["post-357","page","type-page","status-publish","hentry"],"jetpack_sharing_enabled":true,"jetpack_shortlink":"https:\/\/wp.me\/P9gSMM-5L","jetpack_likes_enabled":false,"jetpack-related-posts":[{"id":387,"url":"https:\/\/esperanzaverde.org\/?page_id=387","url_meta":{"origin":357,"position":0},"title":"Zertifikate","author":"admin","date":"December 29, 2017","format":false,"excerpt":"Jetzt kannst Du beispielsweise Dein Lieblingstier auch direkt unterst\u00fctzen oder einen Baum verschenken. Die Zertifikate geben Dir die M\u00f6glichkeit an einer ganz bestimmten Stelle in Esperanza Verde aktiv zu werden. Die Wiederaufforstung ist ein wichtiger Bestandteil unserer Arbeit in Peru. Mit einem Baumzertifikat unterst\u00fctzt du die Pflanzung von Edelh\u00f6lzern und\u2026","rel":"","context":"Similar post","block_context":{"text":"Similar post","link":""},"img":{"alt_text":"","src":"https:\/\/i0.wp.com\/esperanzaverde.org\/wp-content\/uploads\/2017\/12\/zert_baum-212x300.jpg?resize=350%2C200&ssl=1","width":350,"height":200},"classes":[]},{"id":207,"url":"https:\/\/esperanzaverde.org\/?page_id=207","url_meta":{"origin":357,"position":1},"title":"Team","author":"admin","date":"November 2, 2017","format":false,"excerpt":"Wir unterst\u00fctzen Esperanza Verde in Peru mit verschiedenen F\u00f6rdervereinen auf gemeinn\u00fctziger Basis: SchweizPr\u00e4sident: Dr. Philipp ZerbeVizepr\u00e4sidentin: Florian Sch\u00e4rerSchatzmeisterin: Carole SchuppisserSchriftf\u00fchrerin: Dr. Lea Carisch \u00a0 DeutschlandVorstandsvorsitzende: Juliane Sen undNicolai von den BenkenSchatzmeisterin: Stefanie MeadeSchriftf\u00fchrerin: Heiko Sommermann \u00a0 Mitgliederbetreuung: Florian Sch\u00e4rerWebseite: Lukas Bischofberger Philipp Zerbe Dr. Philipp Zerbe ist der Gr\u00fcnder des\u2026","rel":"","context":"Similar post","block_context":{"text":"Similar post","link":""},"img":{"alt_text":"","src":"https:\/\/i0.wp.com\/esperanzaverde.org\/wp-content\/uploads\/2020\/03\/Flo_2-1.jpg?resize=350%2C200&ssl=1","width":350,"height":200},"classes":[]},{"id":345,"url":"https:\/\/esperanzaverde.org\/?page_id=345","url_meta":{"origin":357,"position":2},"title":"Spenden","author":"admin","date":"December 29, 2017","format":false,"excerpt":"Wenn Du uns direkt mit einer Spende unterst\u00fctzen willst, freuen wir uns \u00fcber Deinen Beitrag:\u00a0 Schweiz Postfinance \u2013 Z\u00fcrich F\u00f6rderverein Esperanza Verde Schweiz Kontonr: 60-566781-6 IBAN: CH83 0900 0000 6056 6781 6 BIC POFICHBEXXX\u00a0 Deutschland Saalesparkasse - 06120 Halle (Saale) Foerderverein Esperanza Verde e.V. IBAN: DE15 8005 3762 3900 0314\u2026","rel":"","context":"Similar post","block_context":{"text":"Similar post","link":""},"img":{"alt_text":"","src":"https:\/\/i0.wp.com\/www.paypal.com\/de_CH\/i\/scr\/pixel.gif?resize=350%2C200&ssl=1","width":350,"height":200},"classes":[]},{"id":351,"url":"https:\/\/esperanzaverde.org\/?page_id=351","url_meta":{"origin":357,"position":3},"title":"Mitgliedschaft","author":"admin","date":"December 29, 2017","format":false,"excerpt":"Wir freuen uns, Dich als G\u00f6nnermitglied in unserem Verein begr\u00fcssen zu d\u00fcrfen. Du leistest damit einen direkten Beitrag f\u00fcr die Erhaltung des peruanischen Regenwaldes und die Wiederauswilderung gefangener Tiere. Werde hier Mitglied","rel":"","context":"Similar post","block_context":{"text":"Similar post","link":""},"img":{"alt_text":"","src":"","width":0,"height":0},"classes":[]},{"id":1854,"url":"https:\/\/esperanzaverde.org\/?page_id=1854","url_meta":{"origin":357,"position":4},"title":"Schade, dass Du Deine Spende abgebrochen hast","author":"admin","date":"May 14, 2020","format":false,"excerpt":"Hast Du Fragen, wie Deine Spende helfen k\u00f6nnte? Kontaktiere uns per Email unter contact@esperanzaverde.org","rel":"","context":"Similar post","block_context":{"text":"Similar post","link":""},"img":{"alt_text":"","src":"","width":0,"height":0},"classes":[]}],"_links":{"self":[{"href":"https:\/\/esperanzaverde.org\/index.php?rest_route=\/wp\/v2\/pages\/357","targetHints":{"allow":["GET"]}}],"collection":[{"href":"https:\/\/esperanzaverde.org\/index.php?rest_route=\/wp\/v2\/pages"}],"about":[{"href":"https:\/\/esperanzaverde.org\/index.php?rest_route=\/wp\/v2\/types\/page"}],"author":[{"embeddable":true,"href":"https:\/\/esperanzaverde.org\/index.php?rest_route=\/wp\/v2\/users\/1"}],"replies":[{"embeddable":true,"href":"https:\/\/esperanzaverde.org\/index.php?rest_route=%2Fwp%2Fv2%2Fcomments&post=357"}],"version-history":[{"count":13,"href":"https:\/\/esperanzaverde.org\/index.php?rest_route=\/wp\/v2\/pages\/357\/revisions"}],"predecessor-version":[{"id":2506,"href":"https:\/\/esperanzaverde.org\/index.php?rest_route=\/wp\/v2\/pages\/357\/revisions\/2506"}],"wp:attachment":[{"href":"https:\/\/esperanzaverde.org\/index.php?rest_route=%2Fwp%2Fv2%2Fmedia&parent=357"}],"curies":[{"name":"wp","href":"https:\/\/api.w.org\/{rel}","templated":true}]}}