{"id":387,"date":"2017-12-29T18:22:13","date_gmt":"2017-12-29T17:22:13","guid":{"rendered":"https:\/\/esperanzaverde.org\/?page_id=387"},"modified":"2017-12-31T15:40:26","modified_gmt":"2017-12-31T14:40:26","slug":"zertifikate","status":"publish","type":"page","link":"https:\/\/esperanzaverde.org\/?page_id=387","title":{"rendered":"Zertifikate"},"content":{"rendered":"<p>Jetzt kannst Du beispielsweise Dein Lieblingstier auch direkt unterst\u00fctzen oder einen Baum verschenken. Die Zertifikate geben Dir die M\u00f6glichkeit an einer ganz bestimmten Stelle in Esperanza Verde aktiv zu werden.<\/p>\n<div class=\"row\">\n<div class=\"col-md-6\">\n<p><img loading=\"lazy\" decoding=\"async\" data-attachment-id=\"639\" data-permalink=\"https:\/\/esperanzaverde.org\/?attachment_id=639\" data-orig-file=\"https:\/\/esperanzaverde.org\/wp-content\/uploads\/2017\/12\/zert_baum.jpg\" data-orig-size=\"400,566\" data-comments-opened=\"0\" data-image-meta=\"{&quot;aperture&quot;:&quot;0&quot;,&quot;credit&quot;:&quot;&quot;,&quot;camera&quot;:&quot;&quot;,&quot;caption&quot;:&quot;&quot;,&quot;created_timestamp&quot;:&quot;0&quot;,&quot;copyright&quot;:&quot;&quot;,&quot;focal_length&quot;:&quot;0&quot;,&quot;iso&quot;:&quot;0&quot;,&quot;shutter_speed&quot;:&quot;0&quot;,&quot;title&quot;:&quot;&quot;,&quot;orientation&quot;:&quot;1&quot;}\" data-image-title=\"zert_baum\" data-image-description=\"\" data-image-caption=\"\" data-large-file=\"https:\/\/esperanzaverde.org\/wp-content\/uploads\/2017\/12\/zert_baum.jpg\" class=\"alignnone size-medium wp-image-639\" src=\"https:\/\/esperanzaverde.org\/wp-content\/uploads\/2017\/12\/zert_baum-212x300.jpg\" alt=\"\" width=\"212\" height=\"300\" srcset=\"https:\/\/esperanzaverde.org\/wp-content\/uploads\/2017\/12\/zert_baum-212x300.jpg 212w, https:\/\/esperanzaverde.org\/wp-content\/uploads\/2017\/12\/zert_baum.jpg 400w\" sizes=\"auto, (max-width: 212px) 100vw, 212px\" \/><\/p>\n<p>Die Wiederaufforstung ist ein wichtiger Bestandteil unserer Arbeit in Peru. Mit einem Baumzertifikat unterst\u00fctzt du die Pflanzung von Edelh\u00f6lzern und den Kauf von neuem Land, auf welchem die B\u00e4ume gepflanzt werden k\u00f6nnen.<br \/>\nDie B\u00e4ume werden als Samen gesammelt oder gekauft und dann in einer gesch\u00fctzten Baumschule ausges\u00e4t.<br \/>\nWenn die Jungb\u00e4ume die H\u00f6he von ca. 1.5m erreicht haben, werden sie an einer passenden Stelle im Regenwald gepflanzt. Mehrere Jahre werden die Jungb\u00e4ume dann regelm\u00e4ssig kontrolliert und gepflegt.<\/p>\n<\/div>\n<div class=\"col-md-6\">\n<p><img loading=\"lazy\" decoding=\"async\" data-attachment-id=\"282\" data-permalink=\"https:\/\/esperanzaverde.org\/?attachment_id=282\" data-orig-file=\"https:\/\/esperanzaverde.org\/wp-content\/uploads\/2017\/12\/zert_affen.jpg\" data-orig-size=\"500,708\" data-comments-opened=\"0\" data-image-meta=\"{&quot;aperture&quot;:&quot;0&quot;,&quot;credit&quot;:&quot;&quot;,&quot;camera&quot;:&quot;&quot;,&quot;caption&quot;:&quot;&quot;,&quot;created_timestamp&quot;:&quot;0&quot;,&quot;copyright&quot;:&quot;&quot;,&quot;focal_length&quot;:&quot;0&quot;,&quot;iso&quot;:&quot;0&quot;,&quot;shutter_speed&quot;:&quot;0&quot;,&quot;title&quot;:&quot;&quot;,&quot;orientation&quot;:&quot;1&quot;}\" data-image-title=\"zert_affen\" data-image-description=\"\" data-image-caption=\"\" data-large-file=\"https:\/\/esperanzaverde.org\/wp-content\/uploads\/2017\/12\/zert_affen.jpg\" class=\"alignnone size-medium wp-image-282\" src=\"https:\/\/esperanzaverde.org\/wp-content\/uploads\/2017\/12\/zert_affen-212x300.jpg\" alt=\"\" width=\"212\" height=\"300\" srcset=\"https:\/\/esperanzaverde.org\/wp-content\/uploads\/2017\/12\/zert_affen-212x300.jpg 212w, https:\/\/esperanzaverde.org\/wp-content\/uploads\/2017\/12\/zert_affen.jpg 500w\" sizes=\"auto, (max-width: 212px) 100vw, 212px\" \/><\/p>\n<p>Die Wildtiere erreichen uns meist in schlechtem Zustand und m\u00fcssen vor ihrer Auswilderung versorgt werden. Alle Tiere durchlaufen eine Quarant\u00e4ne und k\u00f6nnen danach je nach Art und Vorgeschichte fr\u00fcher oder sp\u00e4ter ausgewildert werden. Leider ist dies nicht bei allen Tieren m\u00f6glich, da sie sich z.B. zu sehr an den Menschen gew\u00f6hnt haben. Diese Tiere bleiben ihr Leben lang auf der Station und werden weiterhin versorgt.<\/p>\n<\/div>\n<div><\/div>\n<\/div>\n<div><a href=\"https:\/\/docs.google.com\/forms\/d\/e\/1FAIpQLScOGAsrRWtzDrYYMPa1G-PMkh9VIX3NzuhZB09WH7EG8OYATg\/viewform?usp=sf_link\" target=\"_blank\" rel=\"noopener\">Zertifikate bestellen<\/a><\/div>\n","protected":false},"excerpt":{"rendered":"<p>Jetzt kannst Du beispielsweise Dein Lieblingstier auch direkt unterst\u00fctzen oder einen Baum verschenken. Die Zertifikate geben Dir die M\u00f6glichkeit an &hellip; <a href=\"https:\/\/esperanzaverde.org\/?page_id=387\" class=\"more-link\">Continue reading <span class=\"screen-reader-text\">Zertifikate<\/span><\/a><\/p>\n","protected":false},"author":1,"featured_media":0,"parent":0,"menu_order":0,"comment_status":"closed","ping_status":"closed","template":"","meta":{"footnotes":""},"class_list":["post-387","page","type-page","status-publish","hentry"],"jetpack_sharing_enabled":true,"jetpack_shortlink":"https:\/\/wp.me\/P9gSMM-6f","jetpack_likes_enabled":false,"jetpack-related-posts":[{"id":357,"url":"https:\/\/esperanzaverde.org\/?page_id=357","url_meta":{"origin":387,"position":0},"title":"Patenschaft","author":"admin","date":"December 29, 2017","format":false,"excerpt":"Die Versorgung unserer Wildtiere vor Ort verlangt die richtige Ern\u00e4hrung und eine gute medizinische\u00a0Versorgung. Das ist aufwendig und teuer.\u00a0Mit einer Tierpatenschaft \u00fcbernimmst Du die Kosten f\u00fcr die Versorgung und die Pflege Deines Patentieres f\u00fcr\u00a0ein Jahr. Was erh\u00e4ltst Du von Esperanza Verde:Es erwartet Dich eine Urkunde mit Bild und ein halbj\u00e4hrliches\u2026","rel":"","context":"Similar post","block_context":{"text":"Similar post","link":""},"img":{"alt_text":"","src":"https:\/\/i0.wp.com\/esperanzaverde.org\/wp-content\/uploads\/2019\/10\/mika-1.jpg?resize=350%2C200&ssl=1","width":350,"height":200},"classes":[]},{"id":207,"url":"https:\/\/esperanzaverde.org\/?page_id=207","url_meta":{"origin":387,"position":1},"title":"Team","author":"admin","date":"November 2, 2017","format":false,"excerpt":"Wir unterst\u00fctzen Esperanza Verde in Peru mit verschiedenen F\u00f6rdervereinen auf gemeinn\u00fctziger Basis: SchweizPr\u00e4sident: Dr. Philipp ZerbeVizepr\u00e4sidentin: Florian Sch\u00e4rerSchatzmeisterin: Carole SchuppisserSchriftf\u00fchrerin: Dr. Lea Carisch \u00a0 DeutschlandVorstandsvorsitzende: Juliane Sen undNicolai von den BenkenSchatzmeisterin: Stefanie MeadeSchriftf\u00fchrerin: Heiko Sommermann \u00a0 Mitgliederbetreuung: Florian Sch\u00e4rerWebseite: Lukas Bischofberger Philipp Zerbe Dr. Philipp Zerbe ist der Gr\u00fcnder des\u2026","rel":"","context":"Similar post","block_context":{"text":"Similar post","link":""},"img":{"alt_text":"","src":"https:\/\/i0.wp.com\/esperanzaverde.org\/wp-content\/uploads\/2020\/03\/Flo_2-1.jpg?resize=350%2C200&ssl=1","width":350,"height":200},"classes":[]},{"id":345,"url":"https:\/\/esperanzaverde.org\/?page_id=345","url_meta":{"origin":387,"position":2},"title":"Spenden","author":"admin","date":"December 29, 2017","format":false,"excerpt":"Wenn Du uns direkt mit einer Spende unterst\u00fctzen willst, freuen wir uns \u00fcber Deinen Beitrag:\u00a0 Schweiz Postfinance \u2013 Z\u00fcrich F\u00f6rderverein Esperanza Verde Schweiz Kontonr: 60-566781-6 IBAN: CH83 0900 0000 6056 6781 6 BIC POFICHBEXXX\u00a0 Deutschland Saalesparkasse - 06120 Halle (Saale) Foerderverein Esperanza Verde e.V. IBAN: DE15 8005 3762 3900 0314\u2026","rel":"","context":"Similar post","block_context":{"text":"Similar post","link":""},"img":{"alt_text":"","src":"https:\/\/i0.wp.com\/www.paypal.com\/de_CH\/i\/scr\/pixel.gif?resize=350%2C200&ssl=1","width":350,"height":200},"classes":[]},{"id":351,"url":"https:\/\/esperanzaverde.org\/?page_id=351","url_meta":{"origin":387,"position":3},"title":"Mitgliedschaft","author":"admin","date":"December 29, 2017","format":false,"excerpt":"Wir freuen uns, Dich als G\u00f6nnermitglied in unserem Verein begr\u00fcssen zu d\u00fcrfen. Du leistest damit einen direkten Beitrag f\u00fcr die Erhaltung des peruanischen Regenwaldes und die Wiederauswilderung gefangener Tiere. Werde hier Mitglied","rel":"","context":"Similar post","block_context":{"text":"Similar post","link":""},"img":{"alt_text":"","src":"","width":0,"height":0},"classes":[]},{"id":1854,"url":"https:\/\/esperanzaverde.org\/?page_id=1854","url_meta":{"origin":387,"position":4},"title":"Schade, dass Du Deine Spende abgebrochen hast","author":"admin","date":"May 14, 2020","format":false,"excerpt":"Hast Du Fragen, wie Deine Spende helfen k\u00f6nnte? Kontaktiere uns per Email unter contact@esperanzaverde.org","rel":"","context":"Similar post","block_context":{"text":"Similar post","link":""},"img":{"alt_text":"","src":"","width":0,"height":0},"classes":[]}],"_links":{"self":[{"href":"https:\/\/esperanzaverde.org\/index.php?rest_route=\/wp\/v2\/pages\/387","targetHints":{"allow":["GET"]}}],"collection":[{"href":"https:\/\/esperanzaverde.org\/index.php?rest_route=\/wp\/v2\/pages"}],"about":[{"href":"https:\/\/esperanzaverde.org\/index.php?rest_route=\/wp\/v2\/types\/page"}],"author":[{"embeddable":true,"href":"https:\/\/esperanzaverde.org\/index.php?rest_route=\/wp\/v2\/users\/1"}],"replies":[{"embeddable":true,"href":"https:\/\/esperanzaverde.org\/index.php?rest_route=%2Fwp%2Fv2%2Fcomments&post=387"}],"version-history":[{"count":15,"href":"https:\/\/esperanzaverde.org\/index.php?rest_route=\/wp\/v2\/pages\/387\/revisions"}],"predecessor-version":[{"id":693,"href":"https:\/\/esperanzaverde.org\/index.php?rest_route=\/wp\/v2\/pages\/387\/revisions\/693"}],"wp:attachment":[{"href":"https:\/\/esperanzaverde.org\/index.php?rest_route=%2Fwp%2Fv2%2Fmedia&parent=387"}],"curies":[{"name":"wp","href":"https:\/\/api.w.org\/{rel}","templated":true}]}}